{"id":145,"date":"2022-10-17T17:26:27","date_gmt":"2022-10-17T17:26:27","guid":{"rendered":"https:\/\/vitahouse.pt\/?page_id=145"},"modified":"2024-11-06T14:01:16","modified_gmt":"2024-11-06T14:01:16","slug":"quem-somos","status":"publish","type":"page","link":"https:\/\/vitahouse.pt\/?page_id=145","title":{"rendered":"Quem somos"},"content":{"rendered":"\n<p><\/p>\n\n\n\n<p class=\"has-text-align-center\">A VITAHOUSE \u00e9 uma empresa de intermedia\u00e7\u00e3o de cr\u00e9dito dotada de profissionais qualificados, experientes e especializados em encontrar as melhores solu\u00e7\u00f5es para satisfazer as suas necessidades.<\/p>\n\n\n\n<p><\/p>\n\n\n\n<p class=\"has-text-align-center\">Promovemos o foco no nosso Cliente, procurando obter a solu\u00e7\u00e3o financeira mais adequada ao perfil previamente qualificado do Cliente, acompanhando-o de um modo personalizado ao longo do processo administrativo, minimizando a burocracia.<\/p>\n\n\n\n<p class=\"has-text-align-center\"><strong>Somos Intermedi\u00e1rios de Cr\u00e9dito Vinculados, registados no Banco de Portugal com o n\u00ba 0006558<\/strong><\/p>\n\n\n\n<p class=\"has-text-align-center\"><a href=\"https:\/\/www.bportugal.pt\/intermediariocreditofar\/vitahouse-lda\" target=\"_blank\" rel=\"noreferrer noopener\">https:\/\/www.bportugal.pt\/intermediariocreditofar\/vitahouse-lda<\/a><\/p>\n\n\n\n<p><\/p>\n\n\n\n<p><\/p>\n\n\n\n<p><\/p>\n\n\n\n<p><\/p>\n\n\n\n<p><\/p>\n\n\n\n<p><\/p>\n\n\n\n<p><\/p>\n\n\n\n<p class=\"has-black-color has-text-color has-small-font-size\">Trabalhando em parceria com diversas institui\u00e7\u00f5es banc\u00e1rias e financeiras de primeira linha em Portugal, e como franchisada integrante da prestigiada rede de Intermedia\u00e7\u00e3o de Cr\u00e9dito MaxFinance, possibilita-nos encontrar as melhores propostas financeiras com as melhores condi\u00e7\u00f5es para os nossos Clientes (particulares ou empresas), quer seja no Cr\u00e9dito Habita\u00e7\u00e3o, Cr\u00e9dito Pessoal, Transfer\u00eancia e Consolida\u00e7\u00e3o de Cr\u00e9ditos, Financiamento Autom\u00f3vel ou Seguros (actuando, neste \u00faltimo caso, como promotores da reconhecida mediadora de seguros MDS Solutions).<\/p>\n","protected":false},"excerpt":{"rendered":"<p>A VITAHOUSE \u00e9 uma empresa de intermedia\u00e7\u00e3o de cr\u00e9dito dotada de profissionais qualificados, experientes e especializados em encontrar as melhores solu\u00e7\u00f5es para satisfazer as suas necessidades. Promovemos o foco no nosso Cliente, procurando obter a solu\u00e7\u00e3o financeira mais adequada ao perfil previamente qualificado do Cliente, acompanhando-o de um modo personalizado ao longo do processo administrativo,&hellip;<\/p>\n","protected":false},"author":1,"featured_media":78,"parent":0,"menu_order":0,"comment_status":"closed","ping_status":"closed","template":"","meta":{"footnotes":""},"class_list":["post-145","page","type-page","status-publish","has-post-thumbnail","hentry"],"_links":{"self":[{"href":"https:\/\/vitahouse.pt\/index.php?rest_route=\/wp\/v2\/pages\/145","targetHints":{"allow":["GET"]}}],"collection":[{"href":"https:\/\/vitahouse.pt\/index.php?rest_route=\/wp\/v2\/pages"}],"about":[{"href":"https:\/\/vitahouse.pt\/index.php?rest_route=\/wp\/v2\/types\/page"}],"author":[{"embeddable":true,"href":"https:\/\/vitahouse.pt\/index.php?rest_route=\/wp\/v2\/users\/1"}],"replies":[{"embeddable":true,"href":"https:\/\/vitahouse.pt\/index.php?rest_route=%2Fwp%2Fv2%2Fcomments&post=145"}],"version-history":[{"count":7,"href":"https:\/\/vitahouse.pt\/index.php?rest_route=\/wp\/v2\/pages\/145\/revisions"}],"predecessor-version":[{"id":301,"href":"https:\/\/vitahouse.pt\/index.php?rest_route=\/wp\/v2\/pages\/145\/revisions\/301"}],"wp:featuredmedia":[{"embeddable":true,"href":"https:\/\/vitahouse.pt\/index.php?rest_route=\/wp\/v2\/media\/78"}],"wp:attachment":[{"href":"https:\/\/vitahouse.pt\/index.php?rest_route=%2Fwp%2Fv2%2Fmedia&parent=145"}],"curies":[{"name":"wp","href":"https:\/\/api.w.org\/{rel}","templated":true}]}}