{"id":163,"date":"2022-10-17T17:25:53","date_gmt":"2022-10-17T17:25:53","guid":{"rendered":"https:\/\/vitahouse.pt\/?page_id=163"},"modified":"2024-11-07T21:57:49","modified_gmt":"2024-11-07T21:57:49","slug":"credito-pessoal","status":"publish","type":"page","link":"https:\/\/vitahouse.pt\/?page_id=163","title":{"rendered":"Cr\u00e9dito Pessoal"},"content":{"rendered":"\n<p>Caso pretenda financiar os seus estudos, ou dos seus filhos, fazer obras em casa, comprar mobili\u00e1rio ou eletrodom\u00e9sticos, autom\u00f3vel, financiar o seu casamento, uma viagem ou outra necessidade pessoal que possua, poder\u00e1 recorrer a um financiamento por cr\u00e9dito pessoal.<\/p>\n\n\n\n<p><strong>A VITAHOUSE poder\u00e1 ajud\u00e1-lo, sem custos para o cliente,<\/strong>\u00a0a encontrar a solu\u00e7\u00e3o de cr\u00e9dito mais adaptada ao seu or\u00e7amento e \u00e0 suas necessidades pessoais atrav\u00e9s da negocia\u00e7\u00e3o com\u00a0uma rede de protocolos de\u00a0<strong>prestigiadas Institui\u00e7\u00f5es Financeiras e Banc\u00e1rias<\/strong>, totalizando <strong>onze\u00a0entidades<\/strong> nacionais e internacionais, estabelecidas em Portugal\u00a0com vista \u00e0 obten\u00e7\u00e3o de propostas de financiamento com taxas e condi\u00e7\u00f5es mais favor\u00e1veis.<\/p>\n\n\n\n<p>Assim, poderemos apoi\u00e1-lo ao longo de todo o processo de pedido de financiamento providenciando-lhe as seguintes vantagens:<\/p>\n\n\n\n<ul class=\"wp-block-list\">\n<li>Tratamos de todo o processo burocr\u00e1tico sem custos para si<\/li>\n\n\n\n<li>Negociamos com as v\u00e1rias entidades financeiras e banc\u00e1rias para que obtenha a solu\u00e7\u00e3o de financiamento mais econ\u00f3mica e adequada \u00e0 sua disponibilidade financeira<\/li>\n\n\n\n<li>Procuramos encontrar as melhores condi\u00e7\u00f5es de financiamento com menores taxas, prazos de financiamento flex\u00edveis e adequados \u00e0s suas necessidades, e para qualquer finalidade pessoal<\/li>\n\n\n\n<li>Apoiamos na agiliza\u00e7\u00e3o do processo burocr\u00e1tico com vista \u00e0 obten\u00e7\u00e3o de uma r\u00e1pida decis\u00e3o.<\/li>\n<\/ul>\n\n\n\n<p><strong>Entre em contacto connosco:<\/strong><\/p>\n\n\n\n<div class=\"wp-block-contact-form-7-contact-form-selector\"><div role=\"form\" class=\"wpcf7\" id=\"wpcf7-f136-o1\" lang=\"pt-PT\" dir=\"ltr\">\n<div class=\"screen-reader-response\"><p role=\"status\" aria-live=\"polite\" aria-atomic=\"true\"><\/p> <ul><\/ul><\/div>\n<form action=\"\/index.php?rest_route=%2Fwp%2Fv2%2Fpages%2F163#wpcf7-f136-o1\" method=\"post\" class=\"wpcf7-form init\" novalidate=\"novalidate\" data-status=\"init\">\n<div style=\"display: none;\">\n<input type=\"hidden\" name=\"_wpcf7\" value=\"136\" \/>\n<input type=\"hidden\" name=\"_wpcf7_version\" value=\"5.6.3\" \/>\n<input type=\"hidden\" name=\"_wpcf7_locale\" value=\"pt_PT\" \/>\n<input type=\"hidden\" name=\"_wpcf7_unit_tag\" value=\"wpcf7-f136-o1\" \/>\n<input type=\"hidden\" name=\"_wpcf7_container_post\" value=\"0\" \/>\n<input type=\"hidden\" name=\"_wpcf7_posted_data_hash\" value=\"\" \/>\n<\/div>\n<p><label> Nome<br \/>\n    <span class=\"wpcf7-form-control-wrap\" data-name=\"your-name\"><input type=\"text\" name=\"your-name\" value=\"\" size=\"40\" class=\"wpcf7-form-control wpcf7-text wpcf7-validates-as-required\" aria-required=\"true\" aria-invalid=\"false\" \/><\/span> <\/label><\/p>\n<p><label> Email<br \/>\n    <span class=\"wpcf7-form-control-wrap\" data-name=\"your-email\"><input type=\"email\" name=\"your-email\" value=\"\" size=\"40\" class=\"wpcf7-form-control wpcf7-text wpcf7-email wpcf7-validates-as-required wpcf7-validates-as-email\" aria-required=\"true\" aria-invalid=\"false\" \/><\/span> <\/label><\/p>\n<p><label> Telefone<br \/>\n    <span class=\"wpcf7-form-control-wrap\" data-name=\"tel-157\"><input type=\"tel\" name=\"tel-157\" value=\"\" size=\"40\" class=\"wpcf7-form-control wpcf7-text wpcf7-tel wpcf7-validates-as-tel\" aria-invalid=\"false\" \/><\/span> <\/label><br \/>\n<label> Assunto<br \/>\n    <span class=\"wpcf7-form-control-wrap\" data-name=\"your-subject\"><input type=\"text\" name=\"your-subject\" value=\"\" size=\"40\" class=\"wpcf7-form-control wpcf7-text wpcf7-validates-as-required\" aria-required=\"true\" aria-invalid=\"false\" \/><\/span> <\/label><\/p>\n<p><label> Observa\u00e7\u00f5es (opcional)<br \/>\n    <span class=\"wpcf7-form-control-wrap\" data-name=\"your-message\"><textarea name=\"your-message\" cols=\"40\" rows=\"10\" class=\"wpcf7-form-control wpcf7-textarea\" aria-invalid=\"false\"><\/textarea><\/span> <\/label><\/p>\n<p><span class=\"wpcf7-form-control-wrap\" data-name=\"acceptance-966\"><span class=\"wpcf7-form-control wpcf7-acceptance\"><span class=\"wpcf7-list-item\"><label><input type=\"checkbox\" name=\"acceptance-966\" value=\"1\" aria-invalid=\"false\" \/><span class=\"wpcf7-list-item-label\">Declaro que li, compreendi e aceito os Termos, Condi\u00e7\u00f5es e Pol\u00edtica de Privacidade<\/span><\/label><\/span><\/span><\/span><\/p>\n<p><input type=\"submit\" value=\"Submeter\" class=\"wpcf7-form-control has-spinner wpcf7-submit\" \/><\/p>\n<div class=\"wpcf7-response-output\" aria-hidden=\"true\"><\/div><\/form><\/div><\/div>\n","protected":false},"excerpt":{"rendered":"<p>Caso pretenda financiar os seus estudos, ou dos seus filhos, fazer obras em casa, comprar mobili\u00e1rio ou eletrodom\u00e9sticos, autom\u00f3vel, financiar o seu casamento, uma viagem ou outra necessidade pessoal que possua, poder\u00e1 recorrer a um financiamento por cr\u00e9dito pessoal. A VITAHOUSE poder\u00e1 ajud\u00e1-lo, sem custos para o cliente,\u00a0a encontrar a solu\u00e7\u00e3o de cr\u00e9dito mais adaptada&hellip;<\/p>\n","protected":false},"author":1,"featured_media":58,"parent":0,"menu_order":0,"comment_status":"closed","ping_status":"closed","template":"","meta":{"footnotes":""},"class_list":["post-163","page","type-page","status-publish","has-post-thumbnail","hentry"],"_links":{"self":[{"href":"https:\/\/vitahouse.pt\/index.php?rest_route=\/wp\/v2\/pages\/163","targetHints":{"allow":["GET"]}}],"collection":[{"href":"https:\/\/vitahouse.pt\/index.php?rest_route=\/wp\/v2\/pages"}],"about":[{"href":"https:\/\/vitahouse.pt\/index.php?rest_route=\/wp\/v2\/types\/page"}],"author":[{"embeddable":true,"href":"https:\/\/vitahouse.pt\/index.php?rest_route=\/wp\/v2\/users\/1"}],"replies":[{"embeddable":true,"href":"https:\/\/vitahouse.pt\/index.php?rest_route=%2Fwp%2Fv2%2Fcomments&post=163"}],"version-history":[{"count":2,"href":"https:\/\/vitahouse.pt\/index.php?rest_route=\/wp\/v2\/pages\/163\/revisions"}],"predecessor-version":[{"id":308,"href":"https:\/\/vitahouse.pt\/index.php?rest_route=\/wp\/v2\/pages\/163\/revisions\/308"}],"wp:featuredmedia":[{"embeddable":true,"href":"https:\/\/vitahouse.pt\/index.php?rest_route=\/wp\/v2\/media\/58"}],"wp:attachment":[{"href":"https:\/\/vitahouse.pt\/index.php?rest_route=%2Fwp%2Fv2%2Fmedia&parent=163"}],"curies":[{"name":"wp","href":"https:\/\/api.w.org\/{rel}","templated":true}]}}