{"id":165,"date":"2022-10-17T17:24:20","date_gmt":"2022-10-17T17:24:20","guid":{"rendered":"https:\/\/vitahouse.pt\/?page_id=165"},"modified":"2022-10-18T14:34:36","modified_gmt":"2022-10-18T14:34:36","slug":"automoveis","status":"publish","type":"page","link":"https:\/\/vitahouse.pt\/?page_id=165","title":{"rendered":"Autom\u00f3veis"},"content":{"rendered":"\n<p class=\"has-text-align-center\">Na VITAHOUSE procuramos encontrar, <strong>sem custos para o cliente<\/strong>, a melhor solu\u00e7\u00e3o de financiamento para a aquisi\u00e7\u00e3o do autom\u00f3vel que mais deseja, seja novo ou usado.<\/p>\n\n\n\n<p class=\"has-text-align-center\">Com as solu\u00e7\u00f5es de financiamento dispon\u00edveis, poder\u00e1 adquirir o autom\u00f3vel que pretenda com as melhores condi\u00e7\u00f5es poss\u00edveis, dentro do seu or\u00e7amento.<\/p>\n\n\n\n<p class=\"has-text-align-center\">Poderemos obter simula\u00e7\u00f5es para o financiamento pretendido, tratar do processo documental por si e negociar as melhores condi\u00e7\u00f5es, taxas de juro e prazos com as v\u00e1rias institui\u00e7\u00f5es financeiras.<\/p>\n\n\n\n<p class=\"has-text-align-center\">Dentro das solu\u00e7\u00f5es de financiamento dispon\u00edveis, poder\u00e1 optar pela que seja mais conveniente para si, que poder\u00e1 passar por um <strong>Cr\u00e9dito Autom\u00f3vel<\/strong>, <strong>Leasing<\/strong> ou <strong>ALD<\/strong> (Aluguer de Longa Dura\u00e7\u00e3o) ou ainda, em alternativa, usar o servi\u00e7o de <strong>Renting.<\/strong><\/p>\n\n\n\n<div class=\"wp-block-columns alignfull is-layout-flex wp-container-core-columns-is-layout-9d6595d7 wp-block-columns-is-layout-flex\">\n<div class=\"wp-block-column is-layout-flow wp-block-column-is-layout-flow\" style=\"flex-basis:50%\">\n<div class=\"wp-block-cover is-light\" style=\"min-height:600px;aspect-ratio:unset;\"><span aria-hidden=\"true\" class=\"wp-block-cover__background has-background-dim-100 has-background-dim\" style=\"background-color:#f6f6f6\"><\/span><div class=\"wp-block-cover__inner-container is-layout-flow wp-block-cover-is-layout-flow\"><div class=\"wp-block-image\">\n<figure class=\"aligncenter size-large\"><img loading=\"lazy\" decoding=\"async\" width=\"1024\" height=\"681\" src=\"https:\/\/vitahouse.pt\/wp-content\/uploads\/2022\/10\/car-g6350fa968_1920-1024x681.jpg\" alt=\"\" class=\"wp-image-59\" srcset=\"https:\/\/vitahouse.pt\/wp-content\/uploads\/2022\/10\/car-g6350fa968_1920-1024x681.jpg 1024w, https:\/\/vitahouse.pt\/wp-content\/uploads\/2022\/10\/car-g6350fa968_1920-300x200.jpg 300w, https:\/\/vitahouse.pt\/wp-content\/uploads\/2022\/10\/car-g6350fa968_1920-768x511.jpg 768w, https:\/\/vitahouse.pt\/wp-content\/uploads\/2022\/10\/car-g6350fa968_1920-1536x1022.jpg 1536w, https:\/\/vitahouse.pt\/wp-content\/uploads\/2022\/10\/car-g6350fa968_1920.jpg 1920w\" sizes=\"auto, (max-width: 1024px) 100vw, 1024px\" \/><\/figure>\n<\/div><\/div><\/div>\n<\/div>\n\n\n\n<div class=\"wp-block-column is-vertically-aligned-center is-layout-flow wp-block-column-is-layout-flow\" style=\"padding-top:1em;padding-right:1em;padding-bottom:1em;padding-left:1em\">\n<div class=\"wp-block-columns is-layout-flex wp-container-core-columns-is-layout-9d6595d7 wp-block-columns-is-layout-flex\">\n<div class=\"wp-block-column is-layout-flow wp-block-column-is-layout-flow\" style=\"flex-basis:320px\">\n<p class=\"has-medium-font-size\"><strong>Cr\u00e9dito Autom\u00f3vel<\/strong><\/p>\n\n\n\n<p style=\"font-size:15px\">Usualmente implica a reserva de propriedade a favor da institui\u00e7\u00e3o financiadora, apresentando as vantagens de o contraente do cr\u00e9dito ser o dono do autom\u00f3vel e n\u00e3o ser obrigat\u00f3rio ter um seguro de danos pr\u00f3prios.<\/p>\n<\/div>\n<\/div>\n<\/div>\n<\/div>\n\n\n\n<div class=\"wp-block-media-text alignwide has-media-on-the-right is-stacked-on-mobile\"><figure class=\"wp-block-media-text__media\"><img loading=\"lazy\" decoding=\"async\" width=\"1024\" height=\"683\" src=\"https:\/\/vitahouse.pt\/wp-content\/uploads\/2022\/10\/benjamin-child-7Cdw956mZ4w-unsplash-1024x683.jpg\" alt=\"\" class=\"wp-image-166 size-full\" srcset=\"https:\/\/vitahouse.pt\/wp-content\/uploads\/2022\/10\/benjamin-child-7Cdw956mZ4w-unsplash-1024x683.jpg 1024w, https:\/\/vitahouse.pt\/wp-content\/uploads\/2022\/10\/benjamin-child-7Cdw956mZ4w-unsplash-300x200.jpg 300w, https:\/\/vitahouse.pt\/wp-content\/uploads\/2022\/10\/benjamin-child-7Cdw956mZ4w-unsplash-768x512.jpg 768w, https:\/\/vitahouse.pt\/wp-content\/uploads\/2022\/10\/benjamin-child-7Cdw956mZ4w-unsplash-1536x1024.jpg 1536w, https:\/\/vitahouse.pt\/wp-content\/uploads\/2022\/10\/benjamin-child-7Cdw956mZ4w-unsplash-2048x1365.jpg 2048w\" sizes=\"auto, (max-width: 1024px) 100vw, 1024px\" \/><\/figure><div class=\"wp-block-media-text__content\">\n<p class=\"has-medium-font-size\"><strong>Renting Autom\u00f3vel<\/strong><\/p>\n\n\n\n<p style=\"font-size:15px\">Constitui um servi\u00e7o de aluguer operacional do autom\u00f3vel, n\u00e3o sendo considerado uma forma de financiamento (o contraente do servi\u00e7o n\u00e3o \u00e9 o dono do autom\u00f3vel).<\/p>\n\n\n\n<p style=\"font-size:15px\">No contrato de Renting est\u00e1 inclu\u00eddo um conjunto de servi\u00e7os tais como a manuten\u00e7\u00e3o do autom\u00f3vel, a mudan\u00e7a de pneus, o seguro de danos pr\u00f3prios, IUC, ve\u00edculo de substitui\u00e7\u00e3o, entre outros.<\/p>\n<\/div><\/div>\n\n\n\n<div class=\"wp-block-columns alignfull is-layout-flex wp-container-core-columns-is-layout-9d6595d7 wp-block-columns-is-layout-flex\">\n<div class=\"wp-block-column is-layout-flow wp-block-column-is-layout-flow\" style=\"flex-basis:50%\">\n<div class=\"wp-block-cover is-light\" style=\"min-height:600px;aspect-ratio:unset;\"><span aria-hidden=\"true\" class=\"wp-block-cover__background has-background-dim-100 has-background-dim\" style=\"background-color:#f6f6f6\"><\/span><div class=\"wp-block-cover__inner-container is-layout-flow wp-block-cover-is-layout-flow\"><div class=\"wp-block-image\">\n<figure class=\"aligncenter size-large\"><img loading=\"lazy\" decoding=\"async\" width=\"1024\" height=\"683\" src=\"https:\/\/vitahouse.pt\/wp-content\/uploads\/2022\/10\/auto-g27495b2b3_1920-1024x683.jpg\" alt=\"\" class=\"wp-image-56\" srcset=\"https:\/\/vitahouse.pt\/wp-content\/uploads\/2022\/10\/auto-g27495b2b3_1920-1024x683.jpg 1024w, https:\/\/vitahouse.pt\/wp-content\/uploads\/2022\/10\/auto-g27495b2b3_1920-300x200.jpg 300w, https:\/\/vitahouse.pt\/wp-content\/uploads\/2022\/10\/auto-g27495b2b3_1920-768x512.jpg 768w, https:\/\/vitahouse.pt\/wp-content\/uploads\/2022\/10\/auto-g27495b2b3_1920-1536x1024.jpg 1536w, https:\/\/vitahouse.pt\/wp-content\/uploads\/2022\/10\/auto-g27495b2b3_1920.jpg 1920w\" sizes=\"auto, (max-width: 1024px) 100vw, 1024px\" \/><\/figure>\n<\/div><\/div><\/div>\n<\/div>\n\n\n\n<div class=\"wp-block-column is-vertically-aligned-center is-layout-flow wp-block-column-is-layout-flow\" style=\"padding-top:1em;padding-right:1em;padding-bottom:1em;padding-left:1em\">\n<div class=\"wp-block-columns is-layout-flex wp-container-core-columns-is-layout-9d6595d7 wp-block-columns-is-layout-flex\">\n<div class=\"wp-block-column is-layout-flow wp-block-column-is-layout-flow\" style=\"flex-basis:320px\">\n<p class=\"has-medium-font-size\" style=\"line-height:1.6\"><strong>Leasing Autom\u00f3vel<\/strong><\/p>\n\n\n\n<p class=\"has-text-align-left\" style=\"font-size:15px;line-height:1.6\">S\u00e3o modalidades de financiamento que consideram que o contraente do financiamento autom\u00f3vel vir\u00e1 apenas a obter a sua propriedade do final do prazo do respectivo contrato (embora somente no 2\u00ba caso tal seja obrigat\u00f3rio), atrav\u00e9s do pagamento de um valor residual definido, e obriga \u00e0 contrata\u00e7\u00e3o de um seguro de danos pr\u00f3prios para o autom\u00f3vel.<\/p>\n<\/div>\n<\/div>\n<\/div>\n<\/div>\n\n\n\n<p class=\"has-text-align-center\">Para saber mais e obter a sua simula\u00e7\u00e3o gratuita de cr\u00e9dito autom\u00f3vel, leasing, ALD ou Renting sem compromisso, contacte-nos:<\/p>\n\n\n\n<div class=\"wp-block-contact-form-7-contact-form-selector\"><div role=\"form\" class=\"wpcf7\" id=\"wpcf7-f136-o1\" lang=\"pt-PT\" dir=\"ltr\">\n<div class=\"screen-reader-response\"><p role=\"status\" aria-live=\"polite\" aria-atomic=\"true\"><\/p> <ul><\/ul><\/div>\n<form action=\"\/index.php?rest_route=%2Fwp%2Fv2%2Fpages%2F165#wpcf7-f136-o1\" method=\"post\" class=\"wpcf7-form init\" novalidate=\"novalidate\" data-status=\"init\">\n<div style=\"display: none;\">\n<input type=\"hidden\" name=\"_wpcf7\" value=\"136\" \/>\n<input type=\"hidden\" name=\"_wpcf7_version\" value=\"5.6.3\" \/>\n<input type=\"hidden\" name=\"_wpcf7_locale\" value=\"pt_PT\" \/>\n<input type=\"hidden\" name=\"_wpcf7_unit_tag\" value=\"wpcf7-f136-o1\" \/>\n<input type=\"hidden\" name=\"_wpcf7_container_post\" value=\"0\" \/>\n<input type=\"hidden\" name=\"_wpcf7_posted_data_hash\" value=\"\" \/>\n<\/div>\n<p><label> Nome<br \/>\n    <span class=\"wpcf7-form-control-wrap\" data-name=\"your-name\"><input type=\"text\" name=\"your-name\" value=\"\" size=\"40\" class=\"wpcf7-form-control wpcf7-text wpcf7-validates-as-required\" aria-required=\"true\" aria-invalid=\"false\" \/><\/span> <\/label><\/p>\n<p><label> Email<br \/>\n    <span class=\"wpcf7-form-control-wrap\" data-name=\"your-email\"><input type=\"email\" name=\"your-email\" value=\"\" size=\"40\" class=\"wpcf7-form-control wpcf7-text wpcf7-email wpcf7-validates-as-required wpcf7-validates-as-email\" aria-required=\"true\" aria-invalid=\"false\" \/><\/span> <\/label><\/p>\n<p><label> Telefone<br \/>\n    <span class=\"wpcf7-form-control-wrap\" data-name=\"tel-157\"><input type=\"tel\" name=\"tel-157\" value=\"\" size=\"40\" class=\"wpcf7-form-control wpcf7-text wpcf7-tel wpcf7-validates-as-tel\" aria-invalid=\"false\" \/><\/span> <\/label><br \/>\n<label> Assunto<br \/>\n    <span class=\"wpcf7-form-control-wrap\" data-name=\"your-subject\"><input type=\"text\" name=\"your-subject\" value=\"\" size=\"40\" class=\"wpcf7-form-control wpcf7-text wpcf7-validates-as-required\" aria-required=\"true\" aria-invalid=\"false\" \/><\/span> <\/label><\/p>\n<p><label> Observa\u00e7\u00f5es (opcional)<br \/>\n    <span class=\"wpcf7-form-control-wrap\" data-name=\"your-message\"><textarea name=\"your-message\" cols=\"40\" rows=\"10\" class=\"wpcf7-form-control wpcf7-textarea\" aria-invalid=\"false\"><\/textarea><\/span> <\/label><\/p>\n<p><span class=\"wpcf7-form-control-wrap\" data-name=\"acceptance-966\"><span class=\"wpcf7-form-control wpcf7-acceptance\"><span class=\"wpcf7-list-item\"><label><input type=\"checkbox\" name=\"acceptance-966\" value=\"1\" aria-invalid=\"false\" \/><span class=\"wpcf7-list-item-label\">Declaro que li, compreendi e aceito os Termos, Condi\u00e7\u00f5es e Pol\u00edtica de Privacidade<\/span><\/label><\/span><\/span><\/span><\/p>\n<p><input type=\"submit\" value=\"Submeter\" class=\"wpcf7-form-control has-spinner wpcf7-submit\" \/><\/p>\n<div class=\"wpcf7-response-output\" aria-hidden=\"true\"><\/div><\/form><\/div><\/div>\n","protected":false},"excerpt":{"rendered":"<p>Na VITAHOUSE procuramos encontrar, sem custos para o cliente, a melhor solu\u00e7\u00e3o de financiamento para a aquisi\u00e7\u00e3o do autom\u00f3vel que mais deseja, seja novo ou usado. Com as solu\u00e7\u00f5es de financiamento dispon\u00edveis, poder\u00e1 adquirir o autom\u00f3vel que pretenda com as melhores condi\u00e7\u00f5es poss\u00edveis, dentro do seu or\u00e7amento. Poderemos obter simula\u00e7\u00f5es para o financiamento pretendido, tratar&hellip;<\/p>\n","protected":false},"author":1,"featured_media":79,"parent":0,"menu_order":0,"comment_status":"closed","ping_status":"closed","template":"","meta":{"footnotes":""},"class_list":["post-165","page","type-page","status-publish","has-post-thumbnail","hentry"],"_links":{"self":[{"href":"https:\/\/vitahouse.pt\/index.php?rest_route=\/wp\/v2\/pages\/165","targetHints":{"allow":["GET"]}}],"collection":[{"href":"https:\/\/vitahouse.pt\/index.php?rest_route=\/wp\/v2\/pages"}],"about":[{"href":"https:\/\/vitahouse.pt\/index.php?rest_route=\/wp\/v2\/types\/page"}],"author":[{"embeddable":true,"href":"https:\/\/vitahouse.pt\/index.php?rest_route=\/wp\/v2\/users\/1"}],"replies":[{"embeddable":true,"href":"https:\/\/vitahouse.pt\/index.php?rest_route=%2Fwp%2Fv2%2Fcomments&post=165"}],"version-history":[{"count":2,"href":"https:\/\/vitahouse.pt\/index.php?rest_route=\/wp\/v2\/pages\/165\/revisions"}],"predecessor-version":[{"id":210,"href":"https:\/\/vitahouse.pt\/index.php?rest_route=\/wp\/v2\/pages\/165\/revisions\/210"}],"wp:featuredmedia":[{"embeddable":true,"href":"https:\/\/vitahouse.pt\/index.php?rest_route=\/wp\/v2\/media\/79"}],"wp:attachment":[{"href":"https:\/\/vitahouse.pt\/index.php?rest_route=%2Fwp%2Fv2%2Fmedia&parent=165"}],"curies":[{"name":"wp","href":"https:\/\/api.w.org\/{rel}","templated":true}]}}