{"id":168,"date":"2022-10-17T17:26:53","date_gmt":"2022-10-17T17:26:53","guid":{"rendered":"https:\/\/vitahouse.pt\/?page_id=168"},"modified":"2022-10-17T17:26:53","modified_gmt":"2022-10-17T17:26:53","slug":"transferencia-e-consolidacao-de-creditos","status":"publish","type":"page","link":"https:\/\/vitahouse.pt\/?page_id=168","title":{"rendered":"Transfer\u00eancia e Consolida\u00e7\u00e3o de Cr\u00e9ditos"},"content":{"rendered":"\n<p>Caso pretenda ter poupan\u00e7as relevantes na sua carteira de cr\u00e9dito actual e reorganizar os seus gastos financeiros com a mesma, podemos procurar ajud\u00e1-lo, <strong>sem custos para o cliente<\/strong>,&nbsp; atrav\u00e9s da <strong>transfer\u00eancia de cr\u00e9dito ou pela consolida\u00e7\u00e3o de cr\u00e9ditos<\/strong>.<\/p>\n\n\n\n<p>Poderemos analisar a sua situa\u00e7\u00e3o de cr\u00e9dito actual, e de acordo com o seu perfil financeiro espec\u00edfico, procuraremos encontrar uma solu\u00e7\u00e3o de financiamento alternativa que vise uma poupan\u00e7a significativa na sua presta\u00e7\u00e3o mensal.<\/p>\n\n\n\n<p>Visto que temos uma forte rela\u00e7\u00e3o com m\u00faltiplas e importantes institui\u00e7\u00f5es financeiras e banc\u00e1rias, poderemos negociar com estas as melhores condi\u00e7\u00f5es com vista a alcan\u00e7ar as melhores condi\u00e7\u00f5es de financiamento poss\u00edveis.<\/p>\n\n\n\n<p>Atrav\u00e9s da transfer\u00eancia de um cr\u00e9dito habita\u00e7\u00e3o que esteja em curso, poder\u00e1 vir a obter spreads mais competitivos, melhores taxas de juro, e seguros de vida e multirriscos habita\u00e7\u00e3o com melhores condi\u00e7\u00f5es, que possibilitar\u00e1 uma importante poupan\u00e7a mensal.<\/p>\n\n\n\n<p>Caso pretenda por outro lado, juntar v\u00e1rios cr\u00e9ditos pessoais que possua num \u00fanico cr\u00e9dito, poderemos igualmente procurar encontrar uma solu\u00e7\u00e3o de financiamento \u00fanica, atrav\u00e9s de uma opera\u00e7\u00e3o financeira denominada de consolida\u00e7\u00e3o de cr\u00e9ditos, que permita uma redu\u00e7\u00e3o significativa nos encargos mensais e simultaneamente facilite a gest\u00e3o da carteira de cr\u00e9dito.<\/p>\n\n\n\n<p><\/p>\n\n\n\n<div class=\"wp-block-contact-form-7-contact-form-selector\"><div role=\"form\" class=\"wpcf7\" id=\"wpcf7-f136-o1\" lang=\"pt-PT\" dir=\"ltr\">\n<div class=\"screen-reader-response\"><p role=\"status\" aria-live=\"polite\" aria-atomic=\"true\"><\/p> <ul><\/ul><\/div>\n<form action=\"\/index.php?rest_route=%2Fwp%2Fv2%2Fpages%2F168#wpcf7-f136-o1\" method=\"post\" class=\"wpcf7-form init\" novalidate=\"novalidate\" data-status=\"init\">\n<div style=\"display: none;\">\n<input type=\"hidden\" name=\"_wpcf7\" value=\"136\" \/>\n<input type=\"hidden\" name=\"_wpcf7_version\" value=\"5.6.3\" \/>\n<input type=\"hidden\" name=\"_wpcf7_locale\" value=\"pt_PT\" \/>\n<input type=\"hidden\" name=\"_wpcf7_unit_tag\" value=\"wpcf7-f136-o1\" \/>\n<input type=\"hidden\" name=\"_wpcf7_container_post\" value=\"0\" \/>\n<input type=\"hidden\" name=\"_wpcf7_posted_data_hash\" value=\"\" \/>\n<\/div>\n<p><label> Nome<br \/>\n    <span class=\"wpcf7-form-control-wrap\" data-name=\"your-name\"><input type=\"text\" name=\"your-name\" value=\"\" size=\"40\" class=\"wpcf7-form-control wpcf7-text wpcf7-validates-as-required\" aria-required=\"true\" aria-invalid=\"false\" \/><\/span> <\/label><\/p>\n<p><label> Email<br \/>\n    <span class=\"wpcf7-form-control-wrap\" data-name=\"your-email\"><input type=\"email\" name=\"your-email\" value=\"\" size=\"40\" class=\"wpcf7-form-control wpcf7-text wpcf7-email wpcf7-validates-as-required wpcf7-validates-as-email\" aria-required=\"true\" aria-invalid=\"false\" \/><\/span> <\/label><\/p>\n<p><label> Telefone<br \/>\n    <span class=\"wpcf7-form-control-wrap\" data-name=\"tel-157\"><input type=\"tel\" name=\"tel-157\" value=\"\" size=\"40\" class=\"wpcf7-form-control wpcf7-text wpcf7-tel wpcf7-validates-as-tel\" aria-invalid=\"false\" \/><\/span> <\/label><br \/>\n<label> Assunto<br \/>\n    <span class=\"wpcf7-form-control-wrap\" data-name=\"your-subject\"><input type=\"text\" name=\"your-subject\" value=\"\" size=\"40\" class=\"wpcf7-form-control wpcf7-text wpcf7-validates-as-required\" aria-required=\"true\" aria-invalid=\"false\" \/><\/span> <\/label><\/p>\n<p><label> Observa\u00e7\u00f5es (opcional)<br \/>\n    <span class=\"wpcf7-form-control-wrap\" data-name=\"your-message\"><textarea name=\"your-message\" cols=\"40\" rows=\"10\" class=\"wpcf7-form-control wpcf7-textarea\" aria-invalid=\"false\"><\/textarea><\/span> <\/label><\/p>\n<p><span class=\"wpcf7-form-control-wrap\" data-name=\"acceptance-966\"><span class=\"wpcf7-form-control wpcf7-acceptance\"><span class=\"wpcf7-list-item\"><label><input type=\"checkbox\" name=\"acceptance-966\" value=\"1\" aria-invalid=\"false\" \/><span class=\"wpcf7-list-item-label\">Declaro que li, compreendi e aceito os Termos, Condi\u00e7\u00f5es e Pol\u00edtica de Privacidade<\/span><\/label><\/span><\/span><\/span><\/p>\n<p><input type=\"submit\" value=\"Submeter\" class=\"wpcf7-form-control has-spinner wpcf7-submit\" \/><\/p>\n<div class=\"wpcf7-response-output\" aria-hidden=\"true\"><\/div><\/form><\/div><\/div>\n","protected":false},"excerpt":{"rendered":"<p>Caso pretenda ter poupan\u00e7as relevantes na sua carteira de cr\u00e9dito actual e reorganizar os seus gastos financeiros com a mesma, podemos procurar ajud\u00e1-lo, sem custos para o cliente,&nbsp; atrav\u00e9s da transfer\u00eancia de cr\u00e9dito ou pela consolida\u00e7\u00e3o de cr\u00e9ditos. Poderemos analisar a sua situa\u00e7\u00e3o de cr\u00e9dito actual, e de acordo com o seu perfil financeiro espec\u00edfico,&hellip;<\/p>\n","protected":false},"author":1,"featured_media":171,"parent":0,"menu_order":0,"comment_status":"closed","ping_status":"closed","template":"","meta":{"footnotes":""},"class_list":["post-168","page","type-page","status-publish","has-post-thumbnail","hentry"],"_links":{"self":[{"href":"https:\/\/vitahouse.pt\/index.php?rest_route=\/wp\/v2\/pages\/168","targetHints":{"allow":["GET"]}}],"collection":[{"href":"https:\/\/vitahouse.pt\/index.php?rest_route=\/wp\/v2\/pages"}],"about":[{"href":"https:\/\/vitahouse.pt\/index.php?rest_route=\/wp\/v2\/types\/page"}],"author":[{"embeddable":true,"href":"https:\/\/vitahouse.pt\/index.php?rest_route=\/wp\/v2\/users\/1"}],"replies":[{"embeddable":true,"href":"https:\/\/vitahouse.pt\/index.php?rest_route=%2Fwp%2Fv2%2Fcomments&post=168"}],"version-history":[{"count":2,"href":"https:\/\/vitahouse.pt\/index.php?rest_route=\/wp\/v2\/pages\/168\/revisions"}],"predecessor-version":[{"id":172,"href":"https:\/\/vitahouse.pt\/index.php?rest_route=\/wp\/v2\/pages\/168\/revisions\/172"}],"wp:featuredmedia":[{"embeddable":true,"href":"https:\/\/vitahouse.pt\/index.php?rest_route=\/wp\/v2\/media\/171"}],"wp:attachment":[{"href":"https:\/\/vitahouse.pt\/index.php?rest_route=%2Fwp%2Fv2%2Fmedia&parent=168"}],"curies":[{"name":"wp","href":"https:\/\/api.w.org\/{rel}","templated":true}]}}