{"id":173,"date":"2022-10-17T17:26:42","date_gmt":"2022-10-17T17:26:42","guid":{"rendered":"https:\/\/vitahouse.pt\/?page_id=173"},"modified":"2022-10-17T17:26:42","modified_gmt":"2022-10-17T17:26:42","slug":"seguros","status":"publish","type":"page","link":"https:\/\/vitahouse.pt\/?page_id=173","title":{"rendered":"Seguros"},"content":{"rendered":"\n<p class=\"has-medium-font-size\"><strong>Necessita de contratar um seguro para si, para a sua fam\u00edlia ou para a sua empresa?<\/strong><\/p>\n\n\n\n<p style=\"font-size:17px\">A <strong>VITAHOUSE<\/strong>&nbsp;tem um parceiro especialista na \u00e1rea de seguros que disponibiliza um largo leque de op\u00e7\u00f5es de seguros para particulares e empresas, e que lhe procurar\u00e1 encontrar solu\u00e7\u00f5es \u00e0 sua medida com o pre\u00e7o mais competitivo.<\/p>\n\n\n\n<p style=\"font-size:17px\">Para o <strong>particular<\/strong>, o nosso parceiro disp\u00f5e de um vasto conjunto de solu\u00e7\u00f5es para a protec\u00e7\u00e3o do pr\u00f3prio, da sua fam\u00edlia ou do seu patrim\u00f3nio, tais como:<\/p>\n\n\n\n<p style=\"font-size:17px\">&#8211; Seguro de Vida (obrigat\u00f3rio para Cr\u00e9dito Habita\u00e7\u00e3o)<\/p>\n\n\n\n<p style=\"font-size:17px\">&#8211; Seguro de Sa\u00fade<\/p>\n\n\n\n<p style=\"font-size:17px\">&#8211; Seguro de Acidentes Pessoais<\/p>\n\n\n\n<p style=\"font-size:17px\">&#8211; Seguro de Viagem<\/p>\n\n\n\n<p style=\"font-size:17px\">&#8211; Seguro Multirriscos<\/p>\n\n\n\n<p style=\"font-size:17px\">&#8211; Seguro de Animais Dom\u00e9sticos<\/p>\n\n\n\n<p style=\"font-size:17px\">Para <strong>empresas<\/strong>, o nosso parceiro disponibiliza igualmente v\u00e1rias solu\u00e7\u00f5es de seguros, quer para prote\u00e7\u00e3o dos bens e responsabilidades da empresa, quer para prote\u00e7\u00e3o dos seus colaboradores, tais como:<\/p>\n\n\n\n<p style=\"font-size:17px\">&#8211; Seguro Multirriscos Estabelecimento<\/p>\n\n\n\n<p style=\"font-size:17px\">&#8211; Seguro Autom\u00f3vel<\/p>\n\n\n\n<p style=\"font-size:17px\">&#8211; Seguro de Acidentes Pessoais (Grupo)<\/p>\n\n\n\n<p style=\"font-size:17px\">&#8211; Seguro de Sa\u00fade<\/p>\n\n\n\n<p style=\"font-size:17px\">Quer saber mais sobre o nosso parceiro? Contacte-nos:<\/p>\n\n\n\n<div class=\"wp-block-contact-form-7-contact-form-selector\"><div role=\"form\" class=\"wpcf7\" id=\"wpcf7-f136-o1\" lang=\"pt-PT\" dir=\"ltr\">\n<div class=\"screen-reader-response\"><p role=\"status\" aria-live=\"polite\" aria-atomic=\"true\"><\/p> <ul><\/ul><\/div>\n<form action=\"\/index.php?rest_route=%2Fwp%2Fv2%2Fpages%2F173#wpcf7-f136-o1\" method=\"post\" class=\"wpcf7-form init\" novalidate=\"novalidate\" data-status=\"init\">\n<div style=\"display: none;\">\n<input type=\"hidden\" name=\"_wpcf7\" value=\"136\" \/>\n<input type=\"hidden\" name=\"_wpcf7_version\" value=\"5.6.3\" \/>\n<input type=\"hidden\" name=\"_wpcf7_locale\" value=\"pt_PT\" \/>\n<input type=\"hidden\" name=\"_wpcf7_unit_tag\" value=\"wpcf7-f136-o1\" \/>\n<input type=\"hidden\" name=\"_wpcf7_container_post\" value=\"0\" \/>\n<input type=\"hidden\" name=\"_wpcf7_posted_data_hash\" value=\"\" \/>\n<\/div>\n<p><label> Nome<br \/>\n    <span class=\"wpcf7-form-control-wrap\" data-name=\"your-name\"><input type=\"text\" name=\"your-name\" value=\"\" size=\"40\" class=\"wpcf7-form-control wpcf7-text wpcf7-validates-as-required\" aria-required=\"true\" aria-invalid=\"false\" \/><\/span> <\/label><\/p>\n<p><label> Email<br \/>\n    <span class=\"wpcf7-form-control-wrap\" data-name=\"your-email\"><input type=\"email\" name=\"your-email\" value=\"\" size=\"40\" class=\"wpcf7-form-control wpcf7-text wpcf7-email wpcf7-validates-as-required wpcf7-validates-as-email\" aria-required=\"true\" aria-invalid=\"false\" \/><\/span> <\/label><\/p>\n<p><label> Telefone<br \/>\n    <span class=\"wpcf7-form-control-wrap\" data-name=\"tel-157\"><input type=\"tel\" name=\"tel-157\" value=\"\" size=\"40\" class=\"wpcf7-form-control wpcf7-text wpcf7-tel wpcf7-validates-as-tel\" aria-invalid=\"false\" \/><\/span> <\/label><br \/>\n<label> Assunto<br \/>\n    <span class=\"wpcf7-form-control-wrap\" data-name=\"your-subject\"><input type=\"text\" name=\"your-subject\" value=\"\" size=\"40\" class=\"wpcf7-form-control wpcf7-text wpcf7-validates-as-required\" aria-required=\"true\" aria-invalid=\"false\" \/><\/span> <\/label><\/p>\n<p><label> Observa\u00e7\u00f5es (opcional)<br \/>\n    <span class=\"wpcf7-form-control-wrap\" data-name=\"your-message\"><textarea name=\"your-message\" cols=\"40\" rows=\"10\" class=\"wpcf7-form-control wpcf7-textarea\" aria-invalid=\"false\"><\/textarea><\/span> <\/label><\/p>\n<p><span class=\"wpcf7-form-control-wrap\" data-name=\"acceptance-966\"><span class=\"wpcf7-form-control wpcf7-acceptance\"><span class=\"wpcf7-list-item\"><label><input type=\"checkbox\" name=\"acceptance-966\" value=\"1\" aria-invalid=\"false\" \/><span class=\"wpcf7-list-item-label\">Declaro que li, compreendi e aceito os Termos, Condi\u00e7\u00f5es e Pol\u00edtica de Privacidade<\/span><\/label><\/span><\/span><\/span><\/p>\n<p><input type=\"submit\" value=\"Submeter\" class=\"wpcf7-form-control has-spinner wpcf7-submit\" \/><\/p>\n<div class=\"wpcf7-response-output\" aria-hidden=\"true\"><\/div><\/form><\/div><\/div>\n","protected":false},"excerpt":{"rendered":"<p>Necessita de contratar um seguro para si, para a sua fam\u00edlia ou para a sua empresa? A VITAHOUSE&nbsp;tem um parceiro especialista na \u00e1rea de seguros que disponibiliza um largo leque de op\u00e7\u00f5es de seguros para particulares e empresas, e que lhe procurar\u00e1 encontrar solu\u00e7\u00f5es \u00e0 sua medida com o pre\u00e7o mais competitivo. Para o particular,&hellip;<\/p>\n","protected":false},"author":1,"featured_media":64,"parent":0,"menu_order":0,"comment_status":"closed","ping_status":"closed","template":"","meta":{"footnotes":""},"class_list":["post-173","page","type-page","status-publish","has-post-thumbnail","hentry"],"_links":{"self":[{"href":"https:\/\/vitahouse.pt\/index.php?rest_route=\/wp\/v2\/pages\/173","targetHints":{"allow":["GET"]}}],"collection":[{"href":"https:\/\/vitahouse.pt\/index.php?rest_route=\/wp\/v2\/pages"}],"about":[{"href":"https:\/\/vitahouse.pt\/index.php?rest_route=\/wp\/v2\/types\/page"}],"author":[{"embeddable":true,"href":"https:\/\/vitahouse.pt\/index.php?rest_route=\/wp\/v2\/users\/1"}],"replies":[{"embeddable":true,"href":"https:\/\/vitahouse.pt\/index.php?rest_route=%2Fwp%2Fv2%2Fcomments&post=173"}],"version-history":[{"count":1,"href":"https:\/\/vitahouse.pt\/index.php?rest_route=\/wp\/v2\/pages\/173\/revisions"}],"predecessor-version":[{"id":174,"href":"https:\/\/vitahouse.pt\/index.php?rest_route=\/wp\/v2\/pages\/173\/revisions\/174"}],"wp:featuredmedia":[{"embeddable":true,"href":"https:\/\/vitahouse.pt\/index.php?rest_route=\/wp\/v2\/media\/64"}],"wp:attachment":[{"href":"https:\/\/vitahouse.pt\/index.php?rest_route=%2Fwp%2Fv2%2Fmedia&parent=173"}],"curies":[{"name":"wp","href":"https:\/\/api.w.org\/{rel}","templated":true}]}}