{"id":197,"date":"2022-10-18T14:12:11","date_gmt":"2022-10-18T14:12:11","guid":{"rendered":"https:\/\/vitahouse.pt\/?page_id=197"},"modified":"2025-02-28T13:15:58","modified_gmt":"2025-02-28T13:15:58","slug":"__trashed-3","status":"publish","type":"page","link":"https:\/\/vitahouse.pt\/?page_id=197","title":{"rendered":"Informa\u00e7\u00e3o Relativa a Intermedia\u00e7\u00e3o de Cr\u00e9dito"},"content":{"rendered":"\n<figure class=\"wp-block-image size-full is-resized\"><img loading=\"lazy\" decoding=\"async\" width=\"571\" height=\"749\" src=\"https:\/\/vitahouse.pt\/wp-content\/uploads\/2025\/02\/Informacao-Previa-ao-Consumidor-VITAHOUSE-1-de-3-280225.png\" alt=\"\" class=\"wp-image-314\" style=\"width:840px;height:auto\" srcset=\"https:\/\/vitahouse.pt\/wp-content\/uploads\/2025\/02\/Informacao-Previa-ao-Consumidor-VITAHOUSE-1-de-3-280225.png 571w, https:\/\/vitahouse.pt\/wp-content\/uploads\/2025\/02\/Informacao-Previa-ao-Consumidor-VITAHOUSE-1-de-3-280225-229x300.png 229w\" sizes=\"auto, (max-width: 571px) 100vw, 571px\" \/><\/figure>\n\n\n\n<figure class=\"wp-block-image size-full is-resized\"><img loading=\"lazy\" decoding=\"async\" width=\"570\" height=\"787\" src=\"https:\/\/vitahouse.pt\/wp-content\/uploads\/2025\/02\/Informacao-Previa-ao-Consumidor-VITAHOUSE-2-de-3-280225.png\" alt=\"\" class=\"wp-image-315\" style=\"width:840px;height:auto\" srcset=\"https:\/\/vitahouse.pt\/wp-content\/uploads\/2025\/02\/Informacao-Previa-ao-Consumidor-VITAHOUSE-2-de-3-280225.png 570w, https:\/\/vitahouse.pt\/wp-content\/uploads\/2025\/02\/Informacao-Previa-ao-Consumidor-VITAHOUSE-2-de-3-280225-217x300.png 217w\" sizes=\"auto, (max-width: 570px) 100vw, 570px\" \/><\/figure>\n\n\n\n<figure class=\"wp-block-image size-full is-resized\"><img loading=\"lazy\" decoding=\"async\" width=\"567\" height=\"214\" src=\"https:\/\/vitahouse.pt\/wp-content\/uploads\/2025\/02\/Informacao-Previa-ao-Consumidor-VITAHOUSE-3-de-3-280225.png\" alt=\"\" class=\"wp-image-316\" style=\"width:840px;height:auto\" srcset=\"https:\/\/vitahouse.pt\/wp-content\/uploads\/2025\/02\/Informacao-Previa-ao-Consumidor-VITAHOUSE-3-de-3-280225.png 567w, https:\/\/vitahouse.pt\/wp-content\/uploads\/2025\/02\/Informacao-Previa-ao-Consumidor-VITAHOUSE-3-de-3-280225-300x113.png 300w\" sizes=\"auto, (max-width: 567px) 100vw, 567px\" \/><\/figure>\n","protected":false},"excerpt":{"rendered":"","protected":false},"author":1,"featured_media":0,"parent":0,"menu_order":0,"comment_status":"closed","ping_status":"closed","template":"","meta":{"footnotes":""},"class_list":["post-197","page","type-page","status-publish","hentry"],"_links":{"self":[{"href":"https:\/\/vitahouse.pt\/index.php?rest_route=\/wp\/v2\/pages\/197","targetHints":{"allow":["GET"]}}],"collection":[{"href":"https:\/\/vitahouse.pt\/index.php?rest_route=\/wp\/v2\/pages"}],"about":[{"href":"https:\/\/vitahouse.pt\/index.php?rest_route=\/wp\/v2\/types\/page"}],"author":[{"embeddable":true,"href":"https:\/\/vitahouse.pt\/index.php?rest_route=\/wp\/v2\/users\/1"}],"replies":[{"embeddable":true,"href":"https:\/\/vitahouse.pt\/index.php?rest_route=%2Fwp%2Fv2%2Fcomments&post=197"}],"version-history":[{"count":10,"href":"https:\/\/vitahouse.pt\/index.php?rest_route=\/wp\/v2\/pages\/197\/revisions"}],"predecessor-version":[{"id":317,"href":"https:\/\/vitahouse.pt\/index.php?rest_route=\/wp\/v2\/pages\/197\/revisions\/317"}],"wp:attachment":[{"href":"https:\/\/vitahouse.pt\/index.php?rest_route=%2Fwp%2Fv2%2Fmedia&parent=197"}],"curies":[{"name":"wp","href":"https:\/\/api.w.org\/{rel}","templated":true}]}}