{"id":227,"date":"2022-10-19T15:01:07","date_gmt":"2022-10-19T15:01:07","guid":{"rendered":"https:\/\/vitahouse.pt\/?page_id=227"},"modified":"2025-02-28T12:57:08","modified_gmt":"2025-02-28T12:57:08","slug":"servicos","status":"publish","type":"page","link":"https:\/\/vitahouse.pt\/","title":{"rendered":"Servi\u00e7os"},"content":{"rendered":"\n<p class=\"has-text-align-center\">Conhe\u00e7a todos os servi\u00e7os que temos para si<\/p>\n\n\n\n<p class=\"has-text-align-center\">A escolha acertada<\/p>\n\n\n\n<p><\/p>\n\n\n\n<figure class=\"wp-block-gallery has-nested-images columns-default is-cropped wp-block-gallery-1 is-layout-flex wp-block-gallery-is-layout-flex\">\n<figure class=\"wp-block-image size-large\"><a href=\"https:\/\/vitahouse.pt\/?page_id=158\"><img loading=\"lazy\" decoding=\"async\" width=\"1920\" height=\"1281\" data-id=\"75\" src=\"https:\/\/vitahouse.pt\/wp-content\/uploads\/2022\/10\/mortgage-gdf6eecb34_1920.jpg\" alt=\"\" class=\"wp-image-75\" srcset=\"https:\/\/vitahouse.pt\/wp-content\/uploads\/2022\/10\/mortgage-gdf6eecb34_1920.jpg 1920w, https:\/\/vitahouse.pt\/wp-content\/uploads\/2022\/10\/mortgage-gdf6eecb34_1920-300x200.jpg 300w, https:\/\/vitahouse.pt\/wp-content\/uploads\/2022\/10\/mortgage-gdf6eecb34_1920-1024x683.jpg 1024w, https:\/\/vitahouse.pt\/wp-content\/uploads\/2022\/10\/mortgage-gdf6eecb34_1920-768x512.jpg 768w, https:\/\/vitahouse.pt\/wp-content\/uploads\/2022\/10\/mortgage-gdf6eecb34_1920-1536x1025.jpg 1536w\" sizes=\"auto, (max-width: 1920px) 100vw, 1920px\" \/><\/a><figcaption class=\"wp-element-caption\">Cr\u00e9dito Habita\u00e7\u00e3o<\/figcaption><\/figure>\n\n\n\n<figure class=\"wp-block-image size-large\"><a href=\"https:\/\/vitahouse.pt\/?page_id=163\"><img loading=\"lazy\" decoding=\"async\" width=\"1920\" height=\"1079\" data-id=\"57\" src=\"https:\/\/vitahouse.pt\/wp-content\/uploads\/2022\/10\/beach-g99be74c1e_1920.jpg\" alt=\"\" class=\"wp-image-57\" srcset=\"https:\/\/vitahouse.pt\/wp-content\/uploads\/2022\/10\/beach-g99be74c1e_1920.jpg 1920w, https:\/\/vitahouse.pt\/wp-content\/uploads\/2022\/10\/beach-g99be74c1e_1920-300x169.jpg 300w, https:\/\/vitahouse.pt\/wp-content\/uploads\/2022\/10\/beach-g99be74c1e_1920-1024x575.jpg 1024w, https:\/\/vitahouse.pt\/wp-content\/uploads\/2022\/10\/beach-g99be74c1e_1920-768x432.jpg 768w, https:\/\/vitahouse.pt\/wp-content\/uploads\/2022\/10\/beach-g99be74c1e_1920-1536x863.jpg 1536w\" sizes=\"auto, (max-width: 1920px) 100vw, 1920px\" \/><\/a><figcaption class=\"wp-element-caption\">Cr\u00e9dito Pessoal<\/figcaption><\/figure>\n\n\n\n<figure class=\"wp-block-image size-large\"><a href=\"https:\/\/vitahouse.pt\/?page_id=165\"><img loading=\"lazy\" decoding=\"async\" width=\"1920\" height=\"1277\" data-id=\"59\" src=\"https:\/\/vitahouse.pt\/wp-content\/uploads\/2022\/10\/car-g6350fa968_1920.jpg\" alt=\"\" class=\"wp-image-59\" srcset=\"https:\/\/vitahouse.pt\/wp-content\/uploads\/2022\/10\/car-g6350fa968_1920.jpg 1920w, https:\/\/vitahouse.pt\/wp-content\/uploads\/2022\/10\/car-g6350fa968_1920-300x200.jpg 300w, https:\/\/vitahouse.pt\/wp-content\/uploads\/2022\/10\/car-g6350fa968_1920-1024x681.jpg 1024w, https:\/\/vitahouse.pt\/wp-content\/uploads\/2022\/10\/car-g6350fa968_1920-768x511.jpg 768w, https:\/\/vitahouse.pt\/wp-content\/uploads\/2022\/10\/car-g6350fa968_1920-1536x1022.jpg 1536w\" sizes=\"auto, (max-width: 1920px) 100vw, 1920px\" \/><\/a><figcaption class=\"wp-element-caption\">Autom\u00f3vel &#8211; Cr\u00e9dito e Renting<\/figcaption><\/figure>\n\n\n\n<figure class=\"wp-block-image size-large\"><a href=\"https:\/\/vitahouse.pt\/?page_id=168\"><img loading=\"lazy\" decoding=\"async\" width=\"1920\" height=\"1280\" data-id=\"62\" src=\"https:\/\/vitahouse.pt\/wp-content\/uploads\/2022\/10\/financing-g57b1fa800_1920.jpg\" alt=\"\" class=\"wp-image-62\" srcset=\"https:\/\/vitahouse.pt\/wp-content\/uploads\/2022\/10\/financing-g57b1fa800_1920.jpg 1920w, https:\/\/vitahouse.pt\/wp-content\/uploads\/2022\/10\/financing-g57b1fa800_1920-300x200.jpg 300w, https:\/\/vitahouse.pt\/wp-content\/uploads\/2022\/10\/financing-g57b1fa800_1920-1024x683.jpg 1024w, https:\/\/vitahouse.pt\/wp-content\/uploads\/2022\/10\/financing-g57b1fa800_1920-768x512.jpg 768w, https:\/\/vitahouse.pt\/wp-content\/uploads\/2022\/10\/financing-g57b1fa800_1920-1536x1024.jpg 1536w\" sizes=\"auto, (max-width: 1920px) 100vw, 1920px\" \/><\/a><figcaption class=\"wp-element-caption\">Transfer\u00eancia e Consolida\u00e7\u00e3o de Cr\u00e9ditos<\/figcaption><\/figure>\n\n\n\n<figure class=\"wp-block-image size-large\"><a href=\"https:\/\/vitahouse.pt\/?page_id=173\"><img loading=\"lazy\" decoding=\"async\" width=\"1920\" height=\"1267\" data-id=\"64\" src=\"https:\/\/vitahouse.pt\/wp-content\/uploads\/2022\/10\/handshake-gffb4530ba_1920.jpg\" alt=\"\" class=\"wp-image-64\" srcset=\"https:\/\/vitahouse.pt\/wp-content\/uploads\/2022\/10\/handshake-gffb4530ba_1920.jpg 1920w, https:\/\/vitahouse.pt\/wp-content\/uploads\/2022\/10\/handshake-gffb4530ba_1920-300x198.jpg 300w, https:\/\/vitahouse.pt\/wp-content\/uploads\/2022\/10\/handshake-gffb4530ba_1920-1024x676.jpg 1024w, https:\/\/vitahouse.pt\/wp-content\/uploads\/2022\/10\/handshake-gffb4530ba_1920-768x507.jpg 768w, https:\/\/vitahouse.pt\/wp-content\/uploads\/2022\/10\/handshake-gffb4530ba_1920-1536x1014.jpg 1536w\" sizes=\"auto, (max-width: 1920px) 100vw, 1920px\" \/><\/a><figcaption class=\"wp-element-caption\">Seguros<\/figcaption><\/figure>\n<\/figure>\n\n\n\n<p><\/p>\n\n\n\n<p class=\"has-white-color has-text-color\">&#8212;&#8212;&#8211;<\/p>\n\n\n\n<p class=\"has-text-color\" style=\"color:#ddb852;font-size:30px\"><strong>Parceiros de Cr\u00e9dito<\/strong><\/p>\n\n\n\n<p class=\"has-text-color\" style=\"color:#ddb852;font-size:30px\"><\/p>\n\n\n\n<figure class=\"wp-block-image size-large\"><img loading=\"lazy\" decoding=\"async\" width=\"1024\" height=\"614\" src=\"https:\/\/vitahouse.pt\/wp-content\/uploads\/2025\/02\/Pagina-Inicial-Logos-Parceiros-de-Credito-4-210225-1024x614.jpg\" alt=\"\" class=\"wp-image-310\" srcset=\"https:\/\/vitahouse.pt\/wp-content\/uploads\/2025\/02\/Pagina-Inicial-Logos-Parceiros-de-Credito-4-210225-1024x614.jpg 1024w, https:\/\/vitahouse.pt\/wp-content\/uploads\/2025\/02\/Pagina-Inicial-Logos-Parceiros-de-Credito-4-210225-300x180.jpg 300w, https:\/\/vitahouse.pt\/wp-content\/uploads\/2025\/02\/Pagina-Inicial-Logos-Parceiros-de-Credito-4-210225-768x460.jpg 768w, https:\/\/vitahouse.pt\/wp-content\/uploads\/2025\/02\/Pagina-Inicial-Logos-Parceiros-de-Credito-4-210225.jpg 1031w\" sizes=\"auto, (max-width: 1024px) 100vw, 1024px\" \/><\/figure>\n\n\n\n<p class=\"has-text-color\" style=\"color:#ddb852;font-size:30px\"><\/p>\n\n\n\n<p class=\"has-text-color\" style=\"color:#ddb852;font-size:30px\"><\/p>\n\n\n\n<p class=\"has-text-color\" style=\"color:#ddb852;font-size:30px\"><\/p>\n\n\n\n<p class=\"has-text-color\" style=\"color:#ddb852;font-size:30px\"><\/p>\n\n\n\n<p class=\"has-text-color\" style=\"color:#ddb852;font-size:30px\"><\/p>\n\n\n\n<div class=\"wp-block-buttons is-content-justification-center is-layout-flex wp-container-core-buttons-is-layout-16018d1d wp-block-buttons-is-layout-flex\">\n<div class=\"wp-block-button\"><a class=\"wp-block-button__link has-black-color has-text-color has-background wp-element-button\" href=\"https:\/\/vitahouse.pt\/?page_id=197(abre num novo separador)\" style=\"background-color:#ddb852\" target=\"_blank\" rel=\"noreferrer noopener\">Informa\u00e7\u00e3o Relativa \u00e0 Intermedia\u00e7\u00e3o de Cr\u00e9dito<\/a><\/div>\n<\/div>\n","protected":false},"excerpt":{"rendered":"<p>Conhe\u00e7a todos os servi\u00e7os que temos para si A escolha acertada &#8212;&#8212;&#8211; Parceiros de Cr\u00e9dito<\/p>\n","protected":false},"author":1,"featured_media":0,"parent":0,"menu_order":0,"comment_status":"closed","ping_status":"closed","template":"","meta":{"footnotes":""},"class_list":["post-227","page","type-page","status-publish","hentry"],"_links":{"self":[{"href":"https:\/\/vitahouse.pt\/index.php?rest_route=\/wp\/v2\/pages\/227","targetHints":{"allow":["GET"]}}],"collection":[{"href":"https:\/\/vitahouse.pt\/index.php?rest_route=\/wp\/v2\/pages"}],"about":[{"href":"https:\/\/vitahouse.pt\/index.php?rest_route=\/wp\/v2\/types\/page"}],"author":[{"embeddable":true,"href":"https:\/\/vitahouse.pt\/index.php?rest_route=\/wp\/v2\/users\/1"}],"replies":[{"embeddable":true,"href":"https:\/\/vitahouse.pt\/index.php?rest_route=%2Fwp%2Fv2%2Fcomments&post=227"}],"version-history":[{"count":11,"href":"https:\/\/vitahouse.pt\/index.php?rest_route=\/wp\/v2\/pages\/227\/revisions"}],"predecessor-version":[{"id":312,"href":"https:\/\/vitahouse.pt\/index.php?rest_route=\/wp\/v2\/pages\/227\/revisions\/312"}],"wp:attachment":[{"href":"https:\/\/vitahouse.pt\/index.php?rest_route=%2Fwp%2Fv2%2Fmedia&parent=227"}],"curies":[{"name":"wp","href":"https:\/\/api.w.org\/{rel}","templated":true}]}}