{"id":3,"date":"2022-10-14T10:58:13","date_gmt":"2022-10-14T10:58:13","guid":{"rendered":"https:\/\/vitahouse.pt\/?page_id=3"},"modified":"2023-12-02T11:39:37","modified_gmt":"2023-12-02T11:39:37","slug":"privacy-policy","status":"publish","type":"page","link":"https:\/\/vitahouse.pt\/?page_id=3","title":{"rendered":"<strong>Termos, Condi\u00e7\u00f5es e Pol\u00edtica de Privacidade<\/strong>"},"content":{"rendered":"\n<p><\/p>\n\n\n\n<p><\/p>\n\n\n\n<p><\/p>\n\n\n\n<p><strong>Condi\u00e7\u00f5es de acesso e utiliza\u00e7\u00e3o<\/strong><\/p>\n\n\n\n<p>O acesso ao presente website pressup\u00f5e a pr\u00e9via leitura e aceita\u00e7\u00e3o, por parte do utilizador, dos presentes avisos legais<\/p>\n\n\n\n<p>Os conte\u00fados que este website disponibiliza s\u00e3o dirigidos a pessoas e\/ou empresas interessadas em receber informa\u00e7\u00e3o sobre a oferta da VITAHOUSE .<\/p>\n\n\n\n<p>O preenchimento e submiss\u00e3o de qualquer formul\u00e1rio dispon\u00edvel neste website, n\u00e3o estabelece nenhuma rela\u00e7\u00e3o contratual entre a VITAHOUSE e o utilizador.<\/p>\n\n\n\n<p><strong>Conte\u00fados do website<\/strong><\/p>\n\n\n\n<p>A VITAHOUSE emprega todos os esfor\u00e7os para garantir a exactid\u00e3o e actualidade da informa\u00e7\u00e3o difundida neste website, cujo conte\u00fado se reserva no direito de modificar em qualquer momento sem aviso pr\u00e9vio. Por conseguinte, salvo dano produzido por conduta dolosa ou neglig\u00eancia grave, a VITAHOUSE n\u00e3o se responsabiliza designadamente por:<\/p>\n\n\n\n<p>&#8211; Qualquer imprecis\u00e3o, inexactid\u00e3o ou omiss\u00e3o relativa \u00e0 informa\u00e7\u00e3o difundida neste website;<\/p>\n\n\n\n<p>&#8211; Qualquer dano resultante da intrus\u00e3o fraudulenta de terceiro neste website;<\/p>\n\n\n\n<p>&#8211; Qualquer v\u00edrus que possa infectar o computador ou quaisquer outros equipamentos usados pelo utilizador para aceder ou navegar no website.<\/p>\n\n\n\n<p><strong>Direitos da propriedade intelectual<\/strong><\/p>\n\n\n\n<p>Todos os conte\u00fados deste website (textos, gr\u00e1ficos, log\u00f3tipos, \u00edcones, bases de dados, imagens, arquivos de texto, \u00e1udio, v\u00eddeo e software) s\u00e3o propriedade da VITAHOUSE, dos seus colaboradores, ou de fornecedores de conte\u00fados e est\u00e3o protegidos por normas nacionais e internacionais de propriedade intelectual, direitos de autor e direitos conexos.<\/p>\n\n\n\n<p><strong>Pol\u00edtica de Privacidade<\/strong><\/p>\n\n\n\n<p>Os servi\u00e7os ao seu dispor nesta plataforma electr\u00f3nica s\u00e3o intermediados pela VITAHOUSE, que assume consigo um compromisso de privacidade em rela\u00e7\u00e3o aos dados que nela depositar. Este compromisso \u00e9 igualmente v\u00e1lido para todos os novos servi\u00e7os que venham a ser disponibilizados nas plataformas electr\u00f3nicas, os quais dever\u00e3o respeitar escrupulosamente a Pol\u00edtica de Privacidade e as Condi\u00e7\u00f5es de Acesso e Utiliza\u00e7\u00e3o expressos no presente documento.<\/p>\n\n\n\n<p>Pela presente pol\u00edtica, a VITAHOUSE demonstra o seu compromisso e respeito pelos dados pessoais dos seus utilizadores. Como tal, garante que s\u00e3o adotadas as melhores pr\u00e1ticas de prote\u00e7\u00e3o e seguran\u00e7a no que diz respeito \u00e0s medidas t\u00e9cnicas e organizativas utilizadas para a salvaguarda dos dados pessoais.<\/p>\n\n\n\n<p><strong>Processamento de Dados<\/strong><\/p>\n\n\n\n<p><strong>1. Dados Pessoais<\/strong><\/p>\n\n\n\n<p>Os dados pessoais correspondem a qualquer informa\u00e7\u00e3o, de qualquer natureza e independentemente do respetivo suporte, relativa a uma pessoa singular identificada ou identific\u00e1vel.<\/p>\n\n\n\n<p>Atrav\u00e9s deste website e dependendo da finalidade conforme abaixo referida, poder\u00e3o ser recolhidos os seguintes dados pessoais: (i) nome, (ii) dados de contacto (telefone e email), (iii) CV, ou seja, informa\u00e7\u00e3o necess\u00e1ria e relevante \u00e0 realiza\u00e7\u00e3o dos servi\u00e7os que nos s\u00e3o solicitados.<\/p>\n\n\n\n<p><strong>2. Finalidade e Tratamento dos Dados Pessoais<\/strong><\/p>\n\n\n\n<p>Os dados pessoais s\u00e3o recolhidos de forma l\u00edcita, leal e transparente, considerando que o seu tratamento \u00e9 necess\u00e1rio e indispens\u00e1vel para a realiza\u00e7\u00e3o do servi\u00e7o que nos incumbe, nomeadamente a intermedia\u00e7\u00e3o de cr\u00e9ditos diversos e a media\u00e7\u00e3o de seguros, bem como para o cumprimento das obriga\u00e7\u00f5es legais enquanto intermedi\u00e1rio de cr\u00e9dito e\/ou mediador. Deste modo, o cliente reconhece e aceita que, sem o acesso aos dados pessoais recolhidos, a presta\u00e7\u00e3o deste servi\u00e7o n\u00e3o \u00e9 poss\u00edvel.<\/p>\n\n\n\n<p>Assim, o titular dos dados declara expressa, livremente e de forma informada que faculta os dados acima identificados para as seguintes finalidades:<\/p>\n\n\n\n<p>\u00b7 Pedido de contacto;<\/p>\n\n\n\n<p>\u00b7 Pedido de simula\u00e7\u00e3o de cr\u00e9dito e\/ou seguros;<\/p>\n\n\n\n<p>\u00b7 Recrutamento e sele\u00e7\u00e3o de novos colaboradores<\/p>\n\n\n\n<p>Os dados pessoais recolhidos s\u00e3o tratados informaticamente e no estrito cumprimento da legisla\u00e7\u00e3o de protec\u00e7\u00e3o de dados pessoais, sendo armazenados em bases de dados espec\u00edficas sediadas na UE, criadas para o efeito e, em situa\u00e7\u00e3o alguma, os dados recolhidos ser\u00e3o utilizados para outra finalidade que n\u00e3o seja aquela para a qual foi dado o consentimento por parte do titular dos dados.<\/p>\n\n\n\n<p><strong>3. Conserva\u00e7\u00e3o dos Dados Pessoais<\/strong><\/p>\n\n\n\n<p>Os dados facultados e por n\u00f3s consentidamente recolhidos ser\u00e3o conservados pelo per\u00edodo de tempo necess\u00e1rio \u00e0 finalidade que justificou a sua recolha e de modo a dar cumprimento \u00e0s obriga\u00e7\u00f5es legais ou at\u00e9 ao que se verifique decorrido o tempo necess\u00e1rio para garantir o exerc\u00edcio dos direitos de oposi\u00e7\u00e3o, rectifica\u00e7\u00e3o e apagamento.<\/p>\n\n\n\n<p><strong>4. Direito de acesso, rectifica\u00e7\u00e3o, apagamento, limita\u00e7\u00e3o do tratamento e direito de portabilidade dos Dados Pessoais<\/strong><\/p>\n\n\n\n<p>Encontra-se garantido ao utilizador, enquanto titular dos dados, a qualquer momento, o direito de acesso aos seus Dados Pessoais, bem como a respectiva rectifica\u00e7\u00e3o, apagamento, portabilidade, limita\u00e7\u00e3o e\/ou oposi\u00e7\u00e3o ao tratamento \u2013 neste sentido, poder\u00e1 exercer qualquer destes direitos dirigindo-se, por escrito \u00e0 VITAHOUSE, utilizando o seguinte correio electr\u00f3nico vitahouse@maxfinance.pt.<\/p>\n\n\n\n<p>Sem preju\u00edzo do acima disposto, o utilizador ter\u00e1 sempre o direito de apresentar as reclama\u00e7\u00f5es que entender junto da autoridade com compet\u00eancia para o efeito cujos contactos poder\u00e1 encontrar em www.cnpd.pt.<\/p>\n\n\n\n<p><strong>5. Comunica\u00e7\u00e3o dos Dados Pessoais a Entidades Terceiras<\/strong><\/p>\n\n\n\n<p>A VITAHOUSE ir\u00e1 transmitir os dados recolhidos, de acordo com os servi\u00e7os pretendidos pelo titular dos dados, a Entidades banc\u00e1rias, financeiras e seguradores com protocolo com a VITAHOUSE entre outras entidades cuja lista poder\u00e1 ser solicitada atrav\u00e9s do DPO.<\/p>\n\n\n\n<p>Quando tal sucede, a VITAHOUSE toma as medidas adequadas, de forma a assegurar que as entidades que tenham acesso aos Dados Pessoais, s\u00e3o reputadas e oferecem elevadas garantias a este n\u00edvel, o que ficar\u00e1 devidamente consagrado e acautelado em contrato a celebrar, por escrito, entre a VITAHOUSE e a(s) terceira(s) entidade(s).<\/p>\n\n\n\n<p>Assim, qualquer entidade subcontratada pela VITAHOUSE tratar\u00e1 os Dados Pessoais dos utilizadores, em nome e por conta da VITAHOUSE na obriga\u00e7\u00e3o de adotar as medidas t\u00e9cnicas e organizacionais necess\u00e1rias de forma a proteger os Dados Pessoais contra a destrui\u00e7\u00e3o, acidental ou il\u00edcita, a perda acidental, a altera\u00e7\u00e3o, a difus\u00e3o ou o acesso n\u00e3o autorizado e contra qualquer outra forma de tratamento il\u00edcito.<\/p>\n\n\n\n<p>Em qualquer dos casos, a VITAHOUSE permanece respons\u00e1vel pelo tratamento dos Dados Pessoais.<\/p>\n\n\n\n<p><strong>6. Respons\u00e1vel pelo Tratamento de Dados Pessoais<\/strong><\/p>\n\n\n\n<p>A entidade respons\u00e1vel pela recolha e tratamento dos Dados Pessoais para as finalidades referidas \u00e9 a VITAHOUSE, com a seguinte denomina\u00e7\u00e3o social: VITAHOUSE, LDA. com sede social na Rua do Tojo, n\u00ba2, Herdade da Aroeira, 2820-571 Charneca da Caparica, Portugal.<\/p>\n\n\n\n<p>A VITAHOUSE, enquanto respons\u00e1vel pelo tratamento, nomeou um DPO que poder\u00e1 ser contactado atrav\u00e9s do seguinte endere\u00e7o vitahouse@maxfinance.pt.<\/p>\n\n\n\n<p>Caso entenda que alguma informa\u00e7\u00e3o constante da presente Pol\u00edtica de Privacidade n\u00e3o est\u00e1 clara e transparente ou por qualquer outro motivo que considerar pertinente, poder\u00e1 entrar em contacto connosco poder\u00e1 faz\u00ea-lo atrav\u00e9s do endere\u00e7o de email acima disponibilizado.<\/p>\n","protected":false},"excerpt":{"rendered":"<p>Condi\u00e7\u00f5es de acesso e utiliza\u00e7\u00e3o O acesso ao presente website pressup\u00f5e a pr\u00e9via leitura e aceita\u00e7\u00e3o, por parte do utilizador, dos presentes avisos legais Os conte\u00fados que este website disponibiliza s\u00e3o dirigidos a pessoas e\/ou empresas interessadas em receber informa\u00e7\u00e3o sobre a oferta da VITAHOUSE . O preenchimento e submiss\u00e3o de qualquer formul\u00e1rio dispon\u00edvel neste&hellip;<\/p>\n","protected":false},"author":1,"featured_media":0,"parent":0,"menu_order":0,"comment_status":"closed","ping_status":"open","template":"","meta":{"footnotes":""},"class_list":["post-3","page","type-page","status-publish","hentry"],"_links":{"self":[{"href":"https:\/\/vitahouse.pt\/index.php?rest_route=\/wp\/v2\/pages\/3","targetHints":{"allow":["GET"]}}],"collection":[{"href":"https:\/\/vitahouse.pt\/index.php?rest_route=\/wp\/v2\/pages"}],"about":[{"href":"https:\/\/vitahouse.pt\/index.php?rest_route=\/wp\/v2\/types\/page"}],"author":[{"embeddable":true,"href":"https:\/\/vitahouse.pt\/index.php?rest_route=\/wp\/v2\/users\/1"}],"replies":[{"embeddable":true,"href":"https:\/\/vitahouse.pt\/index.php?rest_route=%2Fwp%2Fv2%2Fcomments&post=3"}],"version-history":[{"count":6,"href":"https:\/\/vitahouse.pt\/index.php?rest_route=\/wp\/v2\/pages\/3\/revisions"}],"predecessor-version":[{"id":284,"href":"https:\/\/vitahouse.pt\/index.php?rest_route=\/wp\/v2\/pages\/3\/revisions\/284"}],"wp:attachment":[{"href":"https:\/\/vitahouse.pt\/index.php?rest_route=%2Fwp%2Fv2%2Fmedia&parent=3"}],"curies":[{"name":"wp","href":"https:\/\/api.w.org\/{rel}","templated":true}]}}